{"id":360,"date":"2021-07-26T03:58:10","date_gmt":"2021-07-26T01:58:10","guid":{"rendered":"https:\/\/rustic.pl\/index.php\/produkt\/serenity-silver-watch\/"},"modified":"2023-11-07T18:02:44","modified_gmt":"2023-11-07T17:02:44","slug":"serenity-silver-watch","status":"publish","type":"product","link":"https:\/\/www.maszkaron.pl\/index.php\/produkt\/serenity-silver-watch\/","title":{"rendered":"Rze\u017abiona obudowa kominka"},"content":{"rendered":"<p>Obudowa kominka z rze\u017abionymi lwami nie tylko przyci\u0105ga wzrok, ale tak\u017ce buduje atmosfer\u0119 przytulno\u015bci i luksusu. To niezaprzeczalnie centralny element ka\u017cdego pomieszczenia, kt\u00f3ry przyci\u0105ga uwag\u0119 go\u015bci i staje si\u0119 \u017ar\u00f3d\u0142em dumy dla w\u0142a\u015bciciela. To wi\u0119cej ni\u017c tylko mebel &#8211; to dzie\u0142o sztuki, kt\u00f3re \u0142\u0105czy w sobie natur\u0119, tradycj\u0119 i wyrafinowany gust.<\/p>\n","protected":false},"excerpt":{"rendered":"<p>Ka\u017cdy detal, ka\u017cdy ruch w drewnie, oddaje ho\u0142d tradycji rze\u017abiarstwa, a jednocze\u015bnie wyra\u017ca pasj\u0119 i profesjonalizm tw\u00f3rcy.<\/p>\n","protected":false},"featured_media":1584,"template":"","meta":{"_monsterinsights_skip_tracking":false,"_monsterinsights_sitenote_active":false,"_monsterinsights_sitenote_note":"","_monsterinsights_sitenote_category":0},"product_brand":[],"product_cat":[65],"product_tag":[],"class_list":{"0":"post-360","1":"product","2":"type-product","3":"status-publish","4":"has-post-thumbnail","6":"product_cat-nakladki-na-kominki","8":"first","9":"instock","10":"shipping-taxable","11":"product-type-simple"},"_links":{"self":[{"href":"https:\/\/www.maszkaron.pl\/index.php\/wp-json\/wp\/v2\/product\/360","targetHints":{"allow":["GET"]}}],"collection":[{"href":"https:\/\/www.maszkaron.pl\/index.php\/wp-json\/wp\/v2\/product"}],"about":[{"href":"https:\/\/www.maszkaron.pl\/index.php\/wp-json\/wp\/v2\/types\/product"}],"version-history":[{"count":1,"href":"https:\/\/www.maszkaron.pl\/index.php\/wp-json\/wp\/v2\/product\/360\/revisions"}],"predecessor-version":[{"id":1534,"href":"https:\/\/www.maszkaron.pl\/index.php\/wp-json\/wp\/v2\/product\/360\/revisions\/1534"}],"wp:featuredmedia":[{"embeddable":true,"href":"https:\/\/www.maszkaron.pl\/index.php\/wp-json\/wp\/v2\/media\/1584"}],"wp:attachment":[{"href":"https:\/\/www.maszkaron.pl\/index.php\/wp-json\/wp\/v2\/media?parent=360"}],"wp:term":[{"taxonomy":"product_brand","embeddable":true,"href":"https:\/\/www.maszkaron.pl\/index.php\/wp-json\/wp\/v2\/product_brand?post=360"},{"taxonomy":"product_cat","embeddable":true,"href":"https:\/\/www.maszkaron.pl\/index.php\/wp-json\/wp\/v2\/product_cat?post=360"},{"taxonomy":"product_tag","embeddable":true,"href":"https:\/\/www.maszkaron.pl\/index.php\/wp-json\/wp\/v2\/product_tag?post=360"}],"curies":[{"name":"wp","href":"https:\/\/api.w.org\/{rel}","templated":true}]}}