{"id":336,"date":"2021-07-26T03:09:48","date_gmt":"2021-07-26T01:09:48","guid":{"rendered":"https:\/\/rustic.pl\/index.php\/produkt\/white-classic-pant\/"},"modified":"2023-11-06T00:56:10","modified_gmt":"2023-11-05T23:56:10","slug":"white-classic-pant","status":"publish","type":"product","link":"https:\/\/www.maszkaron.pl\/index.php\/produkt\/white-classic-pant\/","title":{"rendered":"Fotel z lwami"},"content":{"rendered":"<p>Fotel ten to nie tylko miejsce do siedzenia, ale tak\u017ce element dekoracyjny ka\u017cdego wn\u0119trza. Jego design sprawia, \u017ce doskonale wpasuje si\u0119 zar\u00f3wno do tradycyjnych, jak i nowoczesnych aran\u017cacji. Jest to mebel, kt\u00f3ry \u0142\u0105czy w sobie pi\u0119kno drewna d\u0119bowego z komfortem, tworz\u0105c idealne miejsce do odpoczynku, czytania lub relaksu po d\u0142ugim dniu.<\/p>\n","protected":false},"excerpt":{"rendered":"<p>G\u0142\u00f3wnym materia\u0142em, z kt\u00f3rego wykonano ten fotel, jest d\u0119bowe drewno. D\u0105b jest znany ze swojej trwa\u0142o\u015bci i pi\u0119knych, g\u0142\u0119bokich odcieni br\u0105zu, co nadaje meblowi elegancji i ponadczasowego charakteru. Drewno d\u0119bowe jest nie tylko estetyczne, ale tak\u017ce wyj\u0105tkowo wytrzyma\u0142e, co sprawia, \u017ce ten fotel b\u0119dzie s\u0142u\u017cy\u0142 przez wiele lat.<\/p>\n","protected":false},"featured_media":1475,"template":"","meta":{"_monsterinsights_skip_tracking":false,"_monsterinsights_sitenote_active":false,"_monsterinsights_sitenote_note":"","_monsterinsights_sitenote_category":0},"product_brand":[],"product_cat":[66],"product_tag":[],"class_list":{"0":"post-336","1":"product","2":"type-product","3":"status-publish","4":"has-post-thumbnail","6":"product_cat-meble","8":"first","9":"instock","10":"shipping-taxable","11":"product-type-simple"},"_links":{"self":[{"href":"https:\/\/www.maszkaron.pl\/index.php\/wp-json\/wp\/v2\/product\/336","targetHints":{"allow":["GET"]}}],"collection":[{"href":"https:\/\/www.maszkaron.pl\/index.php\/wp-json\/wp\/v2\/product"}],"about":[{"href":"https:\/\/www.maszkaron.pl\/index.php\/wp-json\/wp\/v2\/types\/product"}],"version-history":[{"count":1,"href":"https:\/\/www.maszkaron.pl\/index.php\/wp-json\/wp\/v2\/product\/336\/revisions"}],"predecessor-version":[{"id":1476,"href":"https:\/\/www.maszkaron.pl\/index.php\/wp-json\/wp\/v2\/product\/336\/revisions\/1476"}],"wp:featuredmedia":[{"embeddable":true,"href":"https:\/\/www.maszkaron.pl\/index.php\/wp-json\/wp\/v2\/media\/1475"}],"wp:attachment":[{"href":"https:\/\/www.maszkaron.pl\/index.php\/wp-json\/wp\/v2\/media?parent=336"}],"wp:term":[{"taxonomy":"product_brand","embeddable":true,"href":"https:\/\/www.maszkaron.pl\/index.php\/wp-json\/wp\/v2\/product_brand?post=336"},{"taxonomy":"product_cat","embeddable":true,"href":"https:\/\/www.maszkaron.pl\/index.php\/wp-json\/wp\/v2\/product_cat?post=336"},{"taxonomy":"product_tag","embeddable":true,"href":"https:\/\/www.maszkaron.pl\/index.php\/wp-json\/wp\/v2\/product_tag?post=336"}],"curies":[{"name":"wp","href":"https:\/\/api.w.org\/{rel}","templated":true}]}}