{"id":677,"date":"2021-07-27T07:36:47","date_gmt":"2021-07-27T07:36:47","guid":{"rendered":"https:\/\/rustic.pl\/index.php\/new-arrivals\/"},"modified":"2026-05-06T17:05:55","modified_gmt":"2026-05-06T15:05:55","slug":"nowosci","status":"publish","type":"page","link":"https:\/\/www.maszkaron.pl\/index.php\/nowosci\/","title":{"rendered":"Nowo\u015bci"},"content":{"rendered":"\t\t<div data-elementor-type=\"wp-page\" data-elementor-id=\"677\" class=\"elementor elementor-677\" data-elementor-post-type=\"page\">\n\t\t\t\t\t\t<section class=\"elementor-section elementor-top-section elementor-element elementor-element-de56bef elementor-section-full_width elementor-section-height-min-height elementor-section-items-stretch elementor-section-height-default\" data-id=\"de56bef\" data-element_type=\"section\" data-e-type=\"section\" data-settings=\"{&quot;background_background&quot;:&quot;slideshow&quot;,&quot;background_slideshow_gallery&quot;:[],&quot;background_slideshow_loop&quot;:&quot;yes&quot;,&quot;background_slideshow_slide_duration&quot;:5000,&quot;background_slideshow_slide_transition&quot;:&quot;fade&quot;,&quot;background_slideshow_transition_duration&quot;:500}\">\n\t\t\t\t\t\t<div class=\"elementor-container elementor-column-gap-no\">\n\t\t\t\t\t<div class=\"elementor-column elementor-col-100 elementor-top-column elementor-element elementor-element-b96e327\" data-id=\"b96e327\" data-element_type=\"column\" data-e-type=\"column\" data-settings=\"{&quot;background_background&quot;:&quot;classic&quot;}\">\n\t\t\t<div class=\"elementor-widget-wrap elementor-element-populated\">\n\t\t\t\t\t<div class=\"elementor-background-overlay\"><\/div>\n\t\t\t\t\t\t<section class=\"elementor-section elementor-inner-section elementor-element elementor-element-9dfab73 elementor-section-boxed elementor-section-height-default elementor-section-height-default\" data-id=\"9dfab73\" data-element_type=\"section\" data-e-type=\"section\">\n\t\t\t\t\t\t<div class=\"elementor-container elementor-column-gap-no\">\n\t\t\t\t\t<div class=\"elementor-column elementor-col-50 elementor-inner-column elementor-element elementor-element-c5619ca\" data-id=\"c5619ca\" data-element_type=\"column\" data-e-type=\"column\">\n\t\t\t<div class=\"elementor-widget-wrap elementor-element-populated\">\n\t\t\t\t\t\t<div class=\"elementor-element elementor-element-58b37de elementor-widget elementor-widget-heading\" data-id=\"58b37de\" data-element_type=\"widget\" data-e-type=\"widget\" data-widget_type=\"heading.default\">\n\t\t\t\t<div class=\"elementor-widget-container\">\n\t\t\t\t\t<h1 class=\"elementor-heading-title elementor-size-default\">Nowo\u015bci<\/h1>\t\t\t\t<\/div>\n\t\t\t\t<\/div>\n\t\t\t\t\t<\/div>\n\t\t<\/div>\n\t\t\t\t<div class=\"elementor-column elementor-col-50 elementor-inner-column elementor-element elementor-element-0a3b49f\" data-id=\"0a3b49f\" data-element_type=\"column\" data-e-type=\"column\">\n\t\t\t<div class=\"elementor-widget-wrap elementor-element-populated\">\n\t\t\t\t\t\t<div class=\"elementor-element elementor-element-0a48348 elementor-widget-divider--view-line elementor-widget elementor-widget-divider\" data-id=\"0a48348\" data-element_type=\"widget\" data-e-type=\"widget\" data-widget_type=\"divider.default\">\n\t\t\t\t<div class=\"elementor-widget-container\">\n\t\t\t\t\t\t\t<div class=\"elementor-divider\">\n\t\t\t<span class=\"elementor-divider-separator\">\n\t\t\t\t\t\t<\/span>\n\t\t<\/div>\n\t\t\t\t\t\t<\/div>\n\t\t\t\t<\/div>\n\t\t\t\t<div class=\"elementor-element elementor-element-8e07441 elementor-widget elementor-widget-text-editor\" data-id=\"8e07441\" data-element_type=\"widget\" data-e-type=\"widget\" data-widget_type=\"text-editor.default\">\n\t\t\t\t<div class=\"elementor-widget-container\">\n\t\t\t\t\t\t\t\t\t<p>Ka\u017cdy element, kt\u00f3ry oferujemy, jest owocem naszej mi\u0142o\u015bci do rzemios\u0142a i dba\u0142o\u015bci o detale. \u00a0Wszystko co tworzony jest z my\u015bl\u0105 o zadowoleniu naszych klient\u00f3w.<\/p>\t\t\t\t\t\t\t\t<\/div>\n\t\t\t\t<\/div>\n\t\t\t\t\t<\/div>\n\t\t<\/div>\n\t\t\t\t\t<\/div>\n\t\t<\/section>\n\t\t\t\t\t<\/div>\n\t\t<\/div>\n\t\t\t\t\t<\/div>\n\t\t<\/section>\n\t\t\t\t<section class=\"elementor-section elementor-top-section elementor-element elementor-element-29668bf elementor-section-boxed elementor-section-height-default elementor-section-height-default\" data-id=\"29668bf\" data-element_type=\"section\" data-e-type=\"section\">\n\t\t\t\t\t\t<div class=\"elementor-container elementor-column-gap-no\">\n\t\t\t\t\t<div class=\"elementor-column elementor-col-100 elementor-top-column elementor-element elementor-element-ad6e22e\" data-id=\"ad6e22e\" data-element_type=\"column\" data-e-type=\"column\">\n\t\t\t<div class=\"elementor-widget-wrap elementor-element-populated\">\n\t\t\t\t\t\t<div class=\"elementor-element elementor-element-0484dae elementor-widget elementor-widget-shortcode\" data-id=\"0484dae\" data-element_type=\"widget\" data-e-type=\"widget\" data-widget_type=\"shortcode.default\">\n\t\t\t\t<div class=\"elementor-widget-container\">\n\t\t\t\t\t\t\t<div class=\"elementor-shortcode\"><div class=\"woocommerce columns-4 \"><ul class=\"products columns-4\">\n<li class=\"product type-product post-2201 status-publish first instock product_cat-modele-zwierzat-3d product_tag-blender product_tag-ciemny-orzech product_tag-cnc product_tag-dekoracja-domu product_tag-digital-download product_tag-do-pobrania product_tag-drewno product_tag-druk-3d product_tag-glb product_tag-kot product_tag-milosnik-kotow product_tag-model-3d product_tag-ozdoba product_tag-prezent product_tag-rzezba-kota product_tag-stl has-post-thumbnail downloadable virtual purchasable product-type-simple\">\n\t<a href=\"https:\/\/www.maszkaron.pl\/index.php\/produkt\/kot-siedzacy-model-3d-rzezby-do-druku-i-renderingu-stl-glb\/\" class=\"woocommerce-LoopProduct-link woocommerce-loop-product__link\"><img fetchpriority=\"high\" decoding=\"async\" width=\"300\" height=\"300\" src=\"https:\/\/www.maszkaron.pl\/wp-content\/uploads\/2026\/05\/multiview_0-2-300x300.jpeg\" class=\"attachment-woocommerce_thumbnail size-woocommerce_thumbnail\" alt=\"Kot Siedz\u0105cy \u2013 Model 3D Rze\u017aby do Druku i Renderingu (STL + GLB)\" srcset=\"https:\/\/www.maszkaron.pl\/wp-content\/uploads\/2026\/05\/multiview_0-2-300x300.jpeg 300w, https:\/\/www.maszkaron.pl\/wp-content\/uploads\/2026\/05\/multiview_0-2-150x150.jpeg 150w, https:\/\/www.maszkaron.pl\/wp-content\/uploads\/2026\/05\/multiview_0-2-768x768.jpeg 768w, https:\/\/www.maszkaron.pl\/wp-content\/uploads\/2026\/05\/multiview_0-2-12x12.jpeg 12w, https:\/\/www.maszkaron.pl\/wp-content\/uploads\/2026\/05\/multiview_0-2-600x600.jpeg 600w, https:\/\/www.maszkaron.pl\/wp-content\/uploads\/2026\/05\/multiview_0-2-100x100.jpeg 100w, https:\/\/www.maszkaron.pl\/wp-content\/uploads\/2026\/05\/multiview_0-2.jpeg 1024w\" sizes=\"(max-width: 300px) 100vw, 300px\" \/><h2 class=\"woocommerce-loop-product__title\">Kot Siedz\u0105cy \u2013 Model 3D Rze\u017aby do Druku i Renderingu (STL + GLB)<\/h2>\n\t<span class=\"price\"><span class=\"woocommerce-Price-amount amount\"><bdi><span class=\"woocommerce-Price-currencySymbol\">&#36;<\/span>10.00<\/bdi><\/span><\/span>\n<\/a><a href=\"\/index.php\/wp-json\/wp\/v2\/pages\/677?add-to-cart=2201\" aria-describedby=\"woocommerce_loop_add_to_cart_link_describedby_2201\" data-quantity=\"1\" class=\"button product_type_simple add_to_cart_button ajax_add_to_cart\" data-product_id=\"2201\" data-product_sku=\"\" aria-label=\"Dodaj do koszyka: &bdquo;Kot Siedz\u0105cy \u2013 Model 3D Rze\u017aby do Druku i Renderingu (STL + GLB)&rdquo;\" rel=\"nofollow\" data-success_message=\"&ldquo;Kot Siedz\u0105cy \u2013 Model 3D Rze\u017aby do Druku i Renderingu (STL + GLB)&rdquo; zosta\u0142 dodany do twojego koszyka\" role=\"button\">Dodaj do koszyka<\/a>\t<span id=\"woocommerce_loop_add_to_cart_link_describedby_2201\" class=\"screen-reader-text\">\n\t\t\t<\/span>\n<\/li>\n<li class=\"product type-product post-2186 status-publish instock product_cat-modele-zwierzat-3d product_tag-blender product_tag-cnc product_tag-dekoracja product_tag-digital-download product_tag-do-pobrania product_tag-druk-3d product_tag-glb product_tag-jelen product_tag-las product_tag-model-3d product_tag-myslistwo product_tag-natura product_tag-poroze product_tag-rzezba product_tag-stl has-post-thumbnail downloadable virtual purchasable product-type-simple\">\n\t<a href=\"https:\/\/www.maszkaron.pl\/index.php\/produkt\/jelen-z-porozem-model-3d-do-druku-i-renderingu-stl-glb\/\" class=\"woocommerce-LoopProduct-link woocommerce-loop-product__link\"><img decoding=\"async\" width=\"300\" height=\"300\" src=\"https:\/\/www.maszkaron.pl\/wp-content\/uploads\/2026\/05\/multiview_3-1-300x300.jpeg\" class=\"attachment-woocommerce_thumbnail size-woocommerce_thumbnail\" alt=\"Jele\u0144 z Poro\u017cem \u2013 Model 3D do Druku i Renderingu (STL + GLB)\" srcset=\"https:\/\/www.maszkaron.pl\/wp-content\/uploads\/2026\/05\/multiview_3-1-300x300.jpeg 300w, https:\/\/www.maszkaron.pl\/wp-content\/uploads\/2026\/05\/multiview_3-1-150x150.jpeg 150w, https:\/\/www.maszkaron.pl\/wp-content\/uploads\/2026\/05\/multiview_3-1-768x768.jpeg 768w, https:\/\/www.maszkaron.pl\/wp-content\/uploads\/2026\/05\/multiview_3-1-12x12.jpeg 12w, https:\/\/www.maszkaron.pl\/wp-content\/uploads\/2026\/05\/multiview_3-1-600x600.jpeg 600w, https:\/\/www.maszkaron.pl\/wp-content\/uploads\/2026\/05\/multiview_3-1-100x100.jpeg 100w, https:\/\/www.maszkaron.pl\/wp-content\/uploads\/2026\/05\/multiview_3-1.jpeg 1024w\" sizes=\"(max-width: 300px) 100vw, 300px\" \/><h2 class=\"woocommerce-loop-product__title\">Jele\u0144 z Poro\u017cem \u2013 Model 3D do Druku i Renderingu (STL + GLB)<\/h2>\n\t<span class=\"price\"><span class=\"woocommerce-Price-amount amount\"><bdi><span class=\"woocommerce-Price-currencySymbol\">&#36;<\/span>10.00<\/bdi><\/span><\/span>\n<\/a><a href=\"\/index.php\/wp-json\/wp\/v2\/pages\/677?add-to-cart=2186\" aria-describedby=\"woocommerce_loop_add_to_cart_link_describedby_2186\" data-quantity=\"1\" class=\"button product_type_simple add_to_cart_button ajax_add_to_cart\" data-product_id=\"2186\" data-product_sku=\"\" aria-label=\"Dodaj do koszyka: &bdquo;Jele\u0144 z Poro\u017cem \u2013 Model 3D do Druku i Renderingu (STL + GLB)&rdquo;\" rel=\"nofollow\" data-success_message=\"&ldquo;Jele\u0144 z Poro\u017cem \u2013 Model 3D do Druku i Renderingu (STL + GLB)&rdquo; zosta\u0142 dodany do twojego koszyka\" role=\"button\">Dodaj do koszyka<\/a>\t<span id=\"woocommerce_loop_add_to_cart_link_describedby_2186\" class=\"screen-reader-text\">\n\t\t\t<\/span>\n<\/li>\n<li class=\"product type-product post-2174 status-publish instock product_cat-modele-zwierzat-3d product_tag-blender product_tag-cnc product_tag-dekoracja product_tag-digital-download product_tag-do-pobrania product_tag-druk-3d product_tag-glb product_tag-model-3d product_tag-puchacz product_tag-rzezba product_tag-sowa product_tag-stl has-post-thumbnail downloadable virtual purchasable product-type-simple\">\n\t<a href=\"https:\/\/www.maszkaron.pl\/index.php\/produkt\/sowa-model-3d-do-druku-i-renderingu-stl-glb\/\" class=\"woocommerce-LoopProduct-link woocommerce-loop-product__link\"><img decoding=\"async\" width=\"300\" height=\"300\" src=\"https:\/\/www.maszkaron.pl\/wp-content\/uploads\/2026\/05\/multiview_0-300x300.jpeg\" class=\"attachment-woocommerce_thumbnail size-woocommerce_thumbnail\" alt=\"Sowa \u2013 Model 3D do Druku i Renderingu (STL + GLB)\" srcset=\"https:\/\/www.maszkaron.pl\/wp-content\/uploads\/2026\/05\/multiview_0-300x300.jpeg 300w, https:\/\/www.maszkaron.pl\/wp-content\/uploads\/2026\/05\/multiview_0-150x150.jpeg 150w, https:\/\/www.maszkaron.pl\/wp-content\/uploads\/2026\/05\/multiview_0-768x768.jpeg 768w, https:\/\/www.maszkaron.pl\/wp-content\/uploads\/2026\/05\/multiview_0-12x12.jpeg 12w, https:\/\/www.maszkaron.pl\/wp-content\/uploads\/2026\/05\/multiview_0-600x600.jpeg 600w, https:\/\/www.maszkaron.pl\/wp-content\/uploads\/2026\/05\/multiview_0-100x100.jpeg 100w, https:\/\/www.maszkaron.pl\/wp-content\/uploads\/2026\/05\/multiview_0.jpeg 1024w\" sizes=\"(max-width: 300px) 100vw, 300px\" \/><h2 class=\"woocommerce-loop-product__title\">Sowa \u2013 Model 3D do Druku i Renderingu (STL + GLB)<\/h2>\n\t<span class=\"price\"><span class=\"woocommerce-Price-amount amount\"><bdi><span class=\"woocommerce-Price-currencySymbol\">&#36;<\/span>10.00<\/bdi><\/span><\/span>\n<\/a><a href=\"\/index.php\/wp-json\/wp\/v2\/pages\/677?add-to-cart=2174\" aria-describedby=\"woocommerce_loop_add_to_cart_link_describedby_2174\" data-quantity=\"1\" class=\"button product_type_simple add_to_cart_button ajax_add_to_cart\" data-product_id=\"2174\" data-product_sku=\"\" aria-label=\"Dodaj do koszyka: &bdquo;Sowa \u2013 Model 3D do Druku i Renderingu (STL + GLB)&rdquo;\" rel=\"nofollow\" data-success_message=\"&ldquo;Sowa \u2013 Model 3D do Druku i Renderingu (STL + GLB)&rdquo; zosta\u0142 dodany do twojego koszyka\" role=\"button\">Dodaj do koszyka<\/a>\t<span id=\"woocommerce_loop_add_to_cart_link_describedby_2174\" class=\"screen-reader-text\">\n\t\t\t<\/span>\n<\/li>\n<li class=\"product type-product post-360 status-publish last instock product_cat-nakladki-na-kominki has-post-thumbnail shipping-taxable product-type-simple\">\n\t<a href=\"https:\/\/www.maszkaron.pl\/index.php\/produkt\/serenity-silver-watch\/\" class=\"woocommerce-LoopProduct-link woocommerce-loop-product__link\"><img loading=\"lazy\" decoding=\"async\" width=\"300\" height=\"300\" src=\"https:\/\/www.maszkaron.pl\/wp-content\/uploads\/2021\/07\/kominek-300x300.png\" class=\"attachment-woocommerce_thumbnail size-woocommerce_thumbnail\" alt=\"Rze\u017abiona obudowa kominka\" srcset=\"https:\/\/www.maszkaron.pl\/wp-content\/uploads\/2021\/07\/kominek-300x300.png 300w, https:\/\/www.maszkaron.pl\/wp-content\/uploads\/2021\/07\/kominek-150x150.png 150w, https:\/\/www.maszkaron.pl\/wp-content\/uploads\/2021\/07\/kominek-100x100.png 100w\" sizes=\"(max-width: 300px) 100vw, 300px\" \/><h2 class=\"woocommerce-loop-product__title\">Rze\u017abiona obudowa kominka<\/h2>\n<\/a><a href=\"https:\/\/www.maszkaron.pl\/index.php\/produkt\/serenity-silver-watch\/\" aria-describedby=\"woocommerce_loop_add_to_cart_link_describedby_360\" data-quantity=\"1\" class=\"button product_type_simple\" data-product_id=\"360\" data-product_sku=\"\" aria-label=\"Przeczytaj wi\u0119cej o &bdquo;Rze\u017abiona obudowa kominka&rdquo;\" rel=\"nofollow\" data-success_message=\"\">Dowiedz si\u0119 wi\u0119cej<\/a>\t<span id=\"woocommerce_loop_add_to_cart_link_describedby_360\" class=\"screen-reader-text\">\n\t\t\t<\/span>\n<\/li>\n<li class=\"product type-product post-336 status-publish first instock product_cat-meble has-post-thumbnail shipping-taxable product-type-simple\">\n\t<a href=\"https:\/\/www.maszkaron.pl\/index.php\/produkt\/white-classic-pant\/\" class=\"woocommerce-LoopProduct-link woocommerce-loop-product__link\"><img loading=\"lazy\" decoding=\"async\" width=\"300\" height=\"300\" src=\"https:\/\/www.maszkaron.pl\/wp-content\/uploads\/2021\/07\/22-300x300.png\" class=\"attachment-woocommerce_thumbnail size-woocommerce_thumbnail\" alt=\"Fotel z lwami\" srcset=\"https:\/\/www.maszkaron.pl\/wp-content\/uploads\/2021\/07\/22-300x300.png 300w, https:\/\/www.maszkaron.pl\/wp-content\/uploads\/2021\/07\/22-1024x1024.png 1024w, https:\/\/www.maszkaron.pl\/wp-content\/uploads\/2021\/07\/22-150x150.png 150w, https:\/\/www.maszkaron.pl\/wp-content\/uploads\/2021\/07\/22-768x768.png 768w, https:\/\/www.maszkaron.pl\/wp-content\/uploads\/2021\/07\/22-600x600.png 600w, https:\/\/www.maszkaron.pl\/wp-content\/uploads\/2021\/07\/22-100x100.png 100w, https:\/\/www.maszkaron.pl\/wp-content\/uploads\/2021\/07\/22.png 1080w\" sizes=\"(max-width: 300px) 100vw, 300px\" \/><h2 class=\"woocommerce-loop-product__title\">Fotel z lwami<\/h2>\n<\/a><a href=\"https:\/\/www.maszkaron.pl\/index.php\/produkt\/white-classic-pant\/\" aria-describedby=\"woocommerce_loop_add_to_cart_link_describedby_336\" data-quantity=\"1\" class=\"button product_type_simple\" data-product_id=\"336\" data-product_sku=\"\" aria-label=\"Przeczytaj wi\u0119cej o &bdquo;Fotel z lwami&rdquo;\" rel=\"nofollow\" data-success_message=\"\">Dowiedz si\u0119 wi\u0119cej<\/a>\t<span id=\"woocommerce_loop_add_to_cart_link_describedby_336\" class=\"screen-reader-text\">\n\t\t\t<\/span>\n<\/li>\n<li class=\"product type-product post-299 status-publish instock product_cat-dekoracje has-post-thumbnail shipping-taxable product-type-simple\">\n\t<a href=\"https:\/\/www.maszkaron.pl\/index.php\/produkt\/gold-night-party-dress\/\" class=\"woocommerce-LoopProduct-link woocommerce-loop-product__link\"><img loading=\"lazy\" decoding=\"async\" width=\"300\" height=\"300\" src=\"https:\/\/www.maszkaron.pl\/wp-content\/uploads\/2021\/07\/pani-300x300.png\" class=\"attachment-woocommerce_thumbnail size-woocommerce_thumbnail\" alt=\"P\u0142askorze\u017aba\" srcset=\"https:\/\/www.maszkaron.pl\/wp-content\/uploads\/2021\/07\/pani-300x300.png 300w, https:\/\/www.maszkaron.pl\/wp-content\/uploads\/2021\/07\/pani-150x150.png 150w, https:\/\/www.maszkaron.pl\/wp-content\/uploads\/2021\/07\/pani-100x100.png 100w\" sizes=\"(max-width: 300px) 100vw, 300px\" \/><h2 class=\"woocommerce-loop-product__title\">P\u0142askorze\u017aba<\/h2>\n<\/a><a href=\"https:\/\/www.maszkaron.pl\/index.php\/produkt\/gold-night-party-dress\/\" aria-describedby=\"woocommerce_loop_add_to_cart_link_describedby_299\" data-quantity=\"1\" class=\"button product_type_simple\" data-product_id=\"299\" data-product_sku=\"\" aria-label=\"Przeczytaj wi\u0119cej o &bdquo;P\u0142askorze\u017aba&rdquo;\" rel=\"nofollow\" data-success_message=\"\">Dowiedz si\u0119 wi\u0119cej<\/a>\t<span id=\"woocommerce_loop_add_to_cart_link_describedby_299\" class=\"screen-reader-text\">\n\t\t\t<\/span>\n<\/li>\n<\/ul>\n<\/div><\/div>\n\t\t\t\t\t\t<\/div>\n\t\t\t\t<\/div>\n\t\t\t\t\t<\/div>\n\t\t<\/div>\n\t\t\t\t\t<\/div>\n\t\t<\/section>\n\t\t\t\t<section class=\"elementor-section elementor-top-section elementor-element elementor-element-a324db4 elementor-section-boxed elementor-section-height-default elementor-section-height-default\" data-id=\"a324db4\" data-element_type=\"section\" data-e-type=\"section\">\n\t\t\t\t\t\t<div class=\"elementor-container elementor-column-gap-default\">\n\t\t\t\t\t<div class=\"elementor-column elementor-col-50 elementor-top-column elementor-element elementor-element-901a065\" data-id=\"901a065\" data-element_type=\"column\" data-e-type=\"column\">\n\t\t\t<div class=\"elementor-widget-wrap elementor-element-populated\">\n\t\t\t\t\t\t<div class=\"elementor-element elementor-element-f8307e6 elementor-widget elementor-widget-heading\" data-id=\"f8307e6\" data-element_type=\"widget\" data-e-type=\"widget\" data-widget_type=\"heading.default\">\n\t\t\t\t<div class=\"elementor-widget-container\">\n\t\t\t\t\t<h3 class=\"elementor-heading-title elementor-size-default\">Konfigurator produktu<\/h3>\t\t\t\t<\/div>\n\t\t\t\t<\/div>\n\t\t\t\t<div class=\"elementor-element elementor-element-068f57c elementor-widget elementor-widget-image\" data-id=\"068f57c\" data-element_type=\"widget\" data-e-type=\"widget\" data-widget_type=\"image.default\">\n\t\t\t\t<div class=\"elementor-widget-container\">\n\t\t\t\t\t\t\t\t\t\t\t\t\t\t\t<img loading=\"lazy\" decoding=\"async\" width=\"225\" height=\"300\" src=\"https:\/\/www.maszkaron.pl\/wp-content\/uploads\/2023\/11\/kiosk-kopia-225x300.png\" class=\"attachment-medium size-medium wp-image-1537\" alt=\"\" srcset=\"https:\/\/www.maszkaron.pl\/wp-content\/uploads\/2023\/11\/kiosk-kopia-225x300.png 225w, https:\/\/www.maszkaron.pl\/wp-content\/uploads\/2023\/11\/kiosk-kopia-768x1024.png 768w, https:\/\/www.maszkaron.pl\/wp-content\/uploads\/2023\/11\/kiosk-kopia-1152x1536.png 1152w, https:\/\/www.maszkaron.pl\/wp-content\/uploads\/2023\/11\/kiosk-kopia-1536x2048.png 1536w, https:\/\/www.maszkaron.pl\/wp-content\/uploads\/2023\/11\/kiosk-kopia-600x800.png 600w\" sizes=\"(max-width: 225px) 100vw, 225px\" \/>\t\t\t\t\t\t\t\t\t\t\t\t\t\t\t<\/div>\n\t\t\t\t<\/div>\n\t\t\t\t<div class=\"elementor-element elementor-element-5467704 elementor-widget elementor-widget-button\" data-id=\"5467704\" data-element_type=\"widget\" data-e-type=\"widget\" data-widget_type=\"button.default\">\n\t\t\t\t<div class=\"elementor-widget-container\">\n\t\t\t\t\t\t\t\t\t<div class=\"elementor-button-wrapper\">\n\t\t\t\t\t<a class=\"elementor-button elementor-button-link elementor-size-sm\" href=\"https:\/\/ap.exso.pl\/ExsoCIO\/LINK\/OPmMaQO4e\">\n\t\t\t\t\t\t<span class=\"elementor-button-content-wrapper\">\n\t\t\t\t\t\t\t\t\t<span class=\"elementor-button-text\">Kliknij tutaj<\/span>\n\t\t\t\t\t<\/span>\n\t\t\t\t\t<\/a>\n\t\t\t\t<\/div>\n\t\t\t\t\t\t\t\t<\/div>\n\t\t\t\t<\/div>\n\t\t\t\t\t<\/div>\n\t\t<\/div>\n\t\t\t\t<div class=\"elementor-column elementor-col-50 elementor-top-column elementor-element elementor-element-183f66f\" data-id=\"183f66f\" data-element_type=\"column\" data-e-type=\"column\">\n\t\t\t<div class=\"elementor-widget-wrap elementor-element-populated\">\n\t\t\t\t\t\t<div class=\"elementor-element elementor-element-95ab9fc elementor-widget elementor-widget-text-editor\" data-id=\"95ab9fc\" data-element_type=\"widget\" data-e-type=\"widget\" data-widget_type=\"text-editor.default\">\n\t\t\t\t<div class=\"elementor-widget-container\">\n\t\t\t\t\t\t\t\t\t<h3>Oferujemy sklepom internetowym innowacyjny konfigurator produktu, kt\u00f3ry pozwala na spersonalizowanie oferty i zach\u0119ca klient\u00f3w do zakup\u00f3w.<\/h3><h3>Gwarantujemy:<\/h3><h3>* licencje<br \/>* wdro\u017cenie<br \/>* szkolenia<\/h3>\t\t\t\t\t\t\t\t<\/div>\n\t\t\t\t<\/div>\n\t\t\t\t\t<\/div>\n\t\t<\/div>\n\t\t\t\t\t<\/div>\n\t\t<\/section>\n\t\t\t\t<\/div>\n\t\t","protected":false},"excerpt":{"rendered":"<p>Nowo\u015bci Ka\u017cdy element, kt\u00f3ry oferujemy, jest owocem naszej mi\u0142o\u015bci do rzemios\u0142a i dba\u0142o\u015bci o detale. \u00a0Wszystko co tworzony jest z my\u015bl\u0105 o zadowoleniu naszych klient\u00f3w. Konfigurator produktu Kliknij tutaj Oferujemy sklepom internetowym innowacyjny konfigurator produktu, kt\u00f3ry pozwala na spersonalizowanie oferty i zach\u0119ca klient\u00f3w do zakup\u00f3w. Gwarantujemy: * licencje* wdro\u017cenie* szkolenia<\/p>\n","protected":false},"author":2,"featured_media":0,"parent":0,"menu_order":0,"comment_status":"closed","ping_status":"closed","template":"","meta":{"_monsterinsights_skip_tracking":false,"_monsterinsights_sitenote_active":false,"_monsterinsights_sitenote_note":"","_monsterinsights_sitenote_category":0,"footnotes":""},"class_list":["post-677","page","type-page","status-publish","hentry"],"_links":{"self":[{"href":"https:\/\/www.maszkaron.pl\/index.php\/wp-json\/wp\/v2\/pages\/677","targetHints":{"allow":["GET"]}}],"collection":[{"href":"https:\/\/www.maszkaron.pl\/index.php\/wp-json\/wp\/v2\/pages"}],"about":[{"href":"https:\/\/www.maszkaron.pl\/index.php\/wp-json\/wp\/v2\/types\/page"}],"author":[{"embeddable":true,"href":"https:\/\/www.maszkaron.pl\/index.php\/wp-json\/wp\/v2\/users\/2"}],"replies":[{"embeddable":true,"href":"https:\/\/www.maszkaron.pl\/index.php\/wp-json\/wp\/v2\/comments?post=677"}],"version-history":[{"count":32,"href":"https:\/\/www.maszkaron.pl\/index.php\/wp-json\/wp\/v2\/pages\/677\/revisions"}],"predecessor-version":[{"id":1614,"href":"https:\/\/www.maszkaron.pl\/index.php\/wp-json\/wp\/v2\/pages\/677\/revisions\/1614"}],"wp:attachment":[{"href":"https:\/\/www.maszkaron.pl\/index.php\/wp-json\/wp\/v2\/media?parent=677"}],"curies":[{"name":"wp","href":"https:\/\/api.w.org\/{rel}","templated":true}]}}