{"id":1844,"date":"2025-10-22T12:51:28","date_gmt":"2025-10-22T10:51:28","guid":{"rendered":"https:\/\/www.maszkaron.pl\/?page_id=1844"},"modified":"2026-01-16T12:36:57","modified_gmt":"2026-01-16T11:36:57","slug":"nasze-prace-od-projetu-po-finalny-produkt","status":"publish","type":"page","link":"https:\/\/www.maszkaron.pl\/index.php\/nasze-prace-od-projetu-po-finalny-produkt\/","title":{"rendered":"Nasze prace od projetu po finalny produkt"},"content":{"rendered":"\t\t<div data-elementor-type=\"wp-page\" data-elementor-id=\"1844\" class=\"elementor elementor-1844\" data-elementor-post-type=\"page\">\n\t\t\t\t\t\t<section class=\"elementor-section elementor-top-section elementor-element elementor-element-0e91feb elementor-section-boxed elementor-section-height-default elementor-section-height-default\" data-id=\"0e91feb\" data-element_type=\"section\" data-e-type=\"section\">\n\t\t\t\t\t\t<div class=\"elementor-container elementor-column-gap-default\">\n\t\t\t\t\t<div class=\"elementor-column elementor-col-100 elementor-top-column elementor-element elementor-element-9f6a551\" data-id=\"9f6a551\" data-element_type=\"column\" data-e-type=\"column\">\n\t\t\t<div class=\"elementor-widget-wrap elementor-element-populated\">\n\t\t\t\t\t\t<section class=\"elementor-section elementor-inner-section elementor-element elementor-element-e410e3c elementor-section-boxed elementor-section-height-default elementor-section-height-default\" data-id=\"e410e3c\" data-element_type=\"section\" data-e-type=\"section\">\n\t\t\t\t\t\t<div class=\"elementor-container elementor-column-gap-default\">\n\t\t\t\t\t<div class=\"elementor-column elementor-col-100 elementor-inner-column elementor-element elementor-element-f635985\" data-id=\"f635985\" data-element_type=\"column\" data-e-type=\"column\">\n\t\t\t<div class=\"elementor-widget-wrap elementor-element-populated\">\n\t\t\t\t\t\t<div class=\"elementor-element elementor-element-7a084d7 elementor-position-top elementor-widget elementor-widget-image-box\" data-id=\"7a084d7\" data-element_type=\"widget\" data-e-type=\"widget\" data-widget_type=\"image-box.default\">\n\t\t\t\t<div class=\"elementor-widget-container\">\n\t\t\t\t\t<div class=\"elementor-image-box-wrapper\"><figure class=\"elementor-image-box-img\"><img fetchpriority=\"high\" decoding=\"async\" width=\"604\" height=\"732\" src=\"https:\/\/www.maszkaron.pl\/wp-content\/uploads\/2026\/01\/Screenshot-2025-12-15-at-11-29-51-Tlumaczenie-opisu-projektu-1-604x732-1.png\" class=\"attachment-full size-full wp-image-1867\" alt=\"ze\u017aba \u015bw. Jana Paw\u0142a II \u2013 du\u017ca forma 130 cm, projekt 3D i frezowanie 3D CNC w drewnie lipowym\" srcset=\"https:\/\/www.maszkaron.pl\/wp-content\/uploads\/2026\/01\/Screenshot-2025-12-15-at-11-29-51-Tlumaczenie-opisu-projektu-1-604x732-1.png 604w, https:\/\/www.maszkaron.pl\/wp-content\/uploads\/2026\/01\/Screenshot-2025-12-15-at-11-29-51-Tlumaczenie-opisu-projektu-1-604x732-1-248x300.png 248w, https:\/\/www.maszkaron.pl\/wp-content\/uploads\/2026\/01\/Screenshot-2025-12-15-at-11-29-51-Tlumaczenie-opisu-projektu-1-604x732-1-10x12.png 10w, https:\/\/www.maszkaron.pl\/wp-content\/uploads\/2026\/01\/Screenshot-2025-12-15-at-11-29-51-Tlumaczenie-opisu-projektu-1-604x732-1-600x727.png 600w\" sizes=\"(max-width: 604px) 100vw, 604px\" \/><\/figure><div class=\"elementor-image-box-content\"><h3 class=\"elementor-image-box-title\">Du\u017ce rze\u017aby CNC w drewnie \u2013 projekt 3D i frezowanie 3D CNC | Maszkaron<\/h3><p class=\"elementor-image-box-description\">W Maszkaron du\u017ce rze\u017aby w drewnie zaczynamy od projektu 3D: modelowanie, digitalizacja detali, podzia\u0142 technologiczny i frezowanie 3D CNC w drewnie lipowym. Realizacja: \u015bw. Jan Pawe\u0142 II i \u015bw. Faustyna, ok. 130 cm.<\/p><\/div><\/div>\t\t\t\t<\/div>\n\t\t\t\t<\/div>\n\t\t\t\t<div class=\"elementor-element elementor-element-49a8458 elementor-align-center elementor-widget elementor-widget-button\" data-id=\"49a8458\" data-element_type=\"widget\" data-e-type=\"widget\" data-widget_type=\"button.default\">\n\t\t\t\t<div class=\"elementor-widget-container\">\n\t\t\t\t\t\t\t\t\t<div class=\"elementor-button-wrapper\">\n\t\t\t\t\t<a class=\"elementor-button elementor-button-link elementor-size-sm\" href=\"https:\/\/www.maszkaron.pl\/index.php\/duze-rzezby-cnc-w-drewnie-sw-jan-pawel-ii-i-sw-faustyna\/\">\n\t\t\t\t\t\t<span class=\"elementor-button-content-wrapper\">\n\t\t\t\t\t\t\t\t\t<span class=\"elementor-button-text\">czytaj wi\u0119cej <\/span>\n\t\t\t\t\t<\/span>\n\t\t\t\t\t<\/a>\n\t\t\t\t<\/div>\n\t\t\t\t\t\t\t\t<\/div>\n\t\t\t\t<\/div>\n\t\t\t\t\t<\/div>\n\t\t<\/div>\n\t\t\t\t\t<\/div>\n\t\t<\/section>\n\t\t\t\t\t<\/div>\n\t\t<\/div>\n\t\t\t\t\t<\/div>\n\t\t<\/section>\n\t\t\t\t<\/div>\n\t\t","protected":false},"excerpt":{"rendered":"<p>Du\u017ce rze\u017aby CNC w drewnie \u2013 projekt 3D i frezowanie 3D CNC | Maszkaron W Maszkaron du\u017ce rze\u017aby w drewnie &hellip;<\/p>\n<p class=\"read-more\"> <a class=\"\" href=\"https:\/\/www.maszkaron.pl\/index.php\/nasze-prace-od-projetu-po-finalny-produkt\/\"> <span class=\"screen-reader-text\">Nasze prace od projetu po finalny produkt<\/span> Read More &raquo;<\/a><\/p>\n","protected":false},"author":2,"featured_media":0,"parent":0,"menu_order":0,"comment_status":"closed","ping_status":"closed","template":"","meta":{"_monsterinsights_skip_tracking":false,"_monsterinsights_sitenote_active":false,"_monsterinsights_sitenote_note":"","_monsterinsights_sitenote_category":0,"_uf_show_specific_survey":0,"_uf_disable_surveys":false,"site-sidebar-layout":"no-sidebar","site-content-layout":"page-builder","ast-site-content-layout":"full-width-container","site-content-style":"default","site-sidebar-style":"default","ast-global-header-display":"","ast-banner-title-visibility":"","ast-main-header-display":"","ast-hfb-above-header-display":"","ast-hfb-below-header-display":"","ast-hfb-mobile-header-display":"","site-post-title":"disabled","ast-breadcrumbs-content":"","ast-featured-img":"disabled","footer-sml-layout":"","theme-transparent-header-meta":"","adv-header-id-meta":"","stick-header-meta":"","header-above-stick-meta":"","header-main-stick-meta":"","header-below-stick-meta":"","astra-migrate-meta-layouts":"set","ast-page-background-enabled":"default","ast-page-background-meta":{"desktop":{"background-color":"","background-image":"","background-repeat":"repeat","background-position":"center center","background-size":"auto","background-attachment":"scroll","background-type":"","background-media":"","overlay-type":"","overlay-color":"","overlay-gradient":""},"tablet":{"background-color":"","background-image":"","background-repeat":"repeat","background-position":"center center","background-size":"auto","background-attachment":"scroll","background-type":"","background-media":"","overlay-type":"","overlay-color":"","overlay-gradient":""},"mobile":{"background-color":"","background-image":"","background-repeat":"repeat","background-position":"center center","background-size":"auto","background-attachment":"scroll","background-type":"","background-media":"","overlay-type":"","overlay-color":"","overlay-gradient":""}},"ast-content-background-meta":{"desktop":{"background-color":"var(--ast-global-color-5)","background-image":"","background-repeat":"repeat","background-position":"center center","background-size":"auto","background-attachment":"scroll","background-type":"","background-media":"","overlay-type":"","overlay-color":"","overlay-gradient":""},"tablet":{"background-color":"var(--ast-global-color-5)","background-image":"","background-repeat":"repeat","background-position":"center center","background-size":"auto","background-attachment":"scroll","background-type":"","background-media":"","overlay-type":"","overlay-color":"","overlay-gradient":""},"mobile":{"background-color":"var(--ast-global-color-5)","background-image":"","background-repeat":"repeat","background-position":"center center","background-size":"auto","background-attachment":"scroll","background-type":"","background-media":"","overlay-type":"","overlay-color":"","overlay-gradient":""}},"footnotes":""},"class_list":["post-1844","page","type-page","status-publish","hentry"],"aioseo_notices":[],"_links":{"self":[{"href":"https:\/\/www.maszkaron.pl\/index.php\/wp-json\/wp\/v2\/pages\/1844","targetHints":{"allow":["GET"]}}],"collection":[{"href":"https:\/\/www.maszkaron.pl\/index.php\/wp-json\/wp\/v2\/pages"}],"about":[{"href":"https:\/\/www.maszkaron.pl\/index.php\/wp-json\/wp\/v2\/types\/page"}],"author":[{"embeddable":true,"href":"https:\/\/www.maszkaron.pl\/index.php\/wp-json\/wp\/v2\/users\/2"}],"replies":[{"embeddable":true,"href":"https:\/\/www.maszkaron.pl\/index.php\/wp-json\/wp\/v2\/comments?post=1844"}],"version-history":[{"count":13,"href":"https:\/\/www.maszkaron.pl\/index.php\/wp-json\/wp\/v2\/pages\/1844\/revisions"}],"predecessor-version":[{"id":1876,"href":"https:\/\/www.maszkaron.pl\/index.php\/wp-json\/wp\/v2\/pages\/1844\/revisions\/1876"}],"wp:attachment":[{"href":"https:\/\/www.maszkaron.pl\/index.php\/wp-json\/wp\/v2\/media?parent=1844"}],"curies":[{"name":"wp","href":"https:\/\/api.w.org\/{rel}","templated":true}]}}